{"id":533,"date":"2023-01-18T06:28:35","date_gmt":"2023-01-18T06:28:35","guid":{"rendered":"https:\/\/soymarketero.com\/web\/?page_id=533"},"modified":"2023-01-18T15:39:58","modified_gmt":"2023-01-18T15:39:58","slug":"casosdeexito","status":"publish","type":"page","link":"https:\/\/soymarketero.com\/web\/casosdeexito\/","title":{"rendered":"Casos de Exito"},"content":{"rendered":"\t\t<div data-elementor-type=\"wp-page\" data-elementor-id=\"533\" class=\"elementor elementor-533\" data-elementor-settings=\"[]\">\n\t\t\t\t\t\t<div class=\"elementor-inner\">\n\t\t\t\t\t\t\t<div class=\"elementor-section-wrap\">\n\t\t\t\t\t\t\t<section class=\"elementor-section elementor-top-section elementor-element elementor-element-da1fe49 elementor-section-full_width elementor-section-stretched elementor-section-height-default elementor-section-height-default\" data-id=\"da1fe49\" data-element_type=\"section\" data-settings=\"{&quot;stretch_section&quot;:&quot;section-stretched&quot;}\">\n\t\t\t\t\t\t<div class=\"elementor-container elementor-column-gap-default\">\n\t\t\t\t\t\t\t<div class=\"elementor-row\">\n\t\t\t\t\t<div class=\"elementor-column elementor-col-100 elementor-top-column elementor-element elementor-element-a6e60f8\" data-id=\"a6e60f8\" data-element_type=\"column\">\n\t\t\t<div class=\"elementor-column-wrap elementor-element-populated\">\n\t\t\t\t\t\t\t<div class=\"elementor-widget-wrap\">\n\t\t\t\t\t\t<section class=\"elementor-section elementor-inner-section elementor-element elementor-element-92261bf elementor-section-boxed elementor-section-height-default elementor-section-height-default elementor-invisible\" data-id=\"92261bf\" data-element_type=\"section\" data-settings=\"{&quot;animation&quot;:&quot;fadeInRight&quot;}\">\n\t\t\t\t\t\t<div class=\"elementor-container elementor-column-gap-default\">\n\t\t\t\t\t\t\t<div class=\"elementor-row\">\n\t\t\t\t\t<div class=\"elementor-column elementor-col-33 elementor-inner-column elementor-element elementor-element-2cfbdce\" data-id=\"2cfbdce\" data-element_type=\"column\">\n\t\t\t<div class=\"elementor-column-wrap elementor-element-populated\">\n\t\t\t\t\t\t\t<div class=\"elementor-widget-wrap\">\n\t\t\t\t\t\t<div class=\"elementor-element elementor-element-85dad96 elementor-widget elementor-widget-text-editor\" data-id=\"85dad96\" data-element_type=\"widget\" data-widget_type=\"text-editor.default\">\n\t\t\t\t<div class=\"elementor-widget-container\">\n\t\t\t\t\t<div class=\"elementor-text-editor elementor-clearfix\"><p><img loading=\"lazy\" decoding=\"async\" class=\"aligncenter wp-image-469 size-medium\" src=\"https:\/\/soymarketero.com\/web\/wp-content\/uploads\/2023\/01\/image-200x300.png\" alt=\"\" width=\"200\" height=\"300\" srcset=\"https:\/\/soymarketero.com\/web\/wp-content\/uploads\/2023\/01\/image-200x300.png 200w, https:\/\/soymarketero.com\/web\/wp-content\/uploads\/2023\/01\/image-683x1024.png 683w, https:\/\/soymarketero.com\/web\/wp-content\/uploads\/2023\/01\/image-768x1152.png 768w, https:\/\/soymarketero.com\/web\/wp-content\/uploads\/2023\/01\/image-1024x1536.png 1024w, https:\/\/soymarketero.com\/web\/wp-content\/uploads\/2023\/01\/image.png 1066w\" sizes=\"auto, (max-width: 200px) 100vw, 200px\" \/><\/p><p>\u00a0<\/p><p style=\"text-align: center;\">Descripci\u00f3n de caso de exito No 1<\/p><\/div>\n\t\t\t\t<\/div>\n\t\t\t\t<\/div>\n\t\t\t\t\t\t<\/div>\n\t\t\t\t\t<\/div>\n\t\t<\/div>\n\t\t\t\t<div class=\"elementor-column elementor-col-33 elementor-inner-column elementor-element elementor-element-a0f352c\" data-id=\"a0f352c\" data-element_type=\"column\">\n\t\t\t<div class=\"elementor-column-wrap elementor-element-populated\">\n\t\t\t\t\t\t\t<div class=\"elementor-widget-wrap\">\n\t\t\t\t\t\t<div class=\"elementor-element elementor-element-dbb9ddf elementor-widget elementor-widget-text-editor\" data-id=\"dbb9ddf\" data-element_type=\"widget\" data-widget_type=\"text-editor.default\">\n\t\t\t\t<div class=\"elementor-widget-container\">\n\t\t\t\t\t<div class=\"elementor-text-editor elementor-clearfix\"><p><img loading=\"lazy\" decoding=\"async\" class=\"aligncenter wp-image-469 size-medium\" src=\"https:\/\/soymarketero.com\/web\/wp-content\/uploads\/2023\/01\/image-200x300.png\" alt=\"\" width=\"200\" height=\"300\" srcset=\"https:\/\/soymarketero.com\/web\/wp-content\/uploads\/2023\/01\/image-200x300.png 200w, https:\/\/soymarketero.com\/web\/wp-content\/uploads\/2023\/01\/image-683x1024.png 683w, https:\/\/soymarketero.com\/web\/wp-content\/uploads\/2023\/01\/image-768x1152.png 768w, https:\/\/soymarketero.com\/web\/wp-content\/uploads\/2023\/01\/image-1024x1536.png 1024w, https:\/\/soymarketero.com\/web\/wp-content\/uploads\/2023\/01\/image.png 1066w\" sizes=\"auto, (max-width: 200px) 100vw, 200px\" \/><\/p><p style=\"text-align: center;\">Descripci\u00f3n de caso de exito No 2<\/p><\/div>\n\t\t\t\t<\/div>\n\t\t\t\t<\/div>\n\t\t\t\t\t\t<\/div>\n\t\t\t\t\t<\/div>\n\t\t<\/div>\n\t\t\t\t<div class=\"elementor-column elementor-col-33 elementor-inner-column elementor-element elementor-element-99f6770\" data-id=\"99f6770\" data-element_type=\"column\">\n\t\t\t<div class=\"elementor-column-wrap elementor-element-populated\">\n\t\t\t\t\t\t\t<div class=\"elementor-widget-wrap\">\n\t\t\t\t\t\t<div class=\"elementor-element elementor-element-8b4cb2f elementor-widget elementor-widget-text-editor\" data-id=\"8b4cb2f\" data-element_type=\"widget\" data-widget_type=\"text-editor.default\">\n\t\t\t\t<div class=\"elementor-widget-container\">\n\t\t\t\t\t<div class=\"elementor-text-editor elementor-clearfix\"><p><img loading=\"lazy\" decoding=\"async\" class=\"aligncenter wp-image-469 size-medium\" src=\"https:\/\/soymarketero.com\/web\/wp-content\/uploads\/2023\/01\/image-200x300.png\" alt=\"\" width=\"200\" height=\"300\" srcset=\"https:\/\/soymarketero.com\/web\/wp-content\/uploads\/2023\/01\/image-200x300.png 200w, https:\/\/soymarketero.com\/web\/wp-content\/uploads\/2023\/01\/image-683x1024.png 683w, https:\/\/soymarketero.com\/web\/wp-content\/uploads\/2023\/01\/image-768x1152.png 768w, https:\/\/soymarketero.com\/web\/wp-content\/uploads\/2023\/01\/image-1024x1536.png 1024w, https:\/\/soymarketero.com\/web\/wp-content\/uploads\/2023\/01\/image.png 1066w\" sizes=\"auto, (max-width: 200px) 100vw, 200px\" \/><\/p><p style=\"text-align: center;\">Descripci\u00f3n de caso de exito No 2<\/p><\/div>\n\t\t\t\t<\/div>\n\t\t\t\t<\/div>\n\t\t\t\t\t\t<\/div>\n\t\t\t\t\t<\/div>\n\t\t<\/div>\n\t\t\t\t\t\t\t\t<\/div>\n\t\t\t\t\t<\/div>\n\t\t<\/section>\n\t\t\t\t\t\t<\/div>\n\t\t\t\t\t<\/div>\n\t\t<\/div>\n\t\t\t\t\t\t\t\t<\/div>\n\t\t\t\t\t<\/div>\n\t\t<\/section>\n\t\t\t\t\t\t<\/div>\n\t\t\t\t\t\t<\/div>\n\t\t\t\t\t<\/div>\n\t\t","protected":false},"excerpt":{"rendered":"<p>\u00a0 Descripci\u00f3n de caso de exito No 1 Descripci\u00f3n de caso de exito No 2 Descripci\u00f3n de caso de exito No 2<\/p>\n","protected":false},"author":2,"featured_media":0,"parent":0,"menu_order":0,"comment_status":"closed","ping_status":"closed","template":"","meta":{"footnotes":""},"class_list":["post-533","page","type-page","status-publish","hentry"],"_links":{"self":[{"href":"https:\/\/soymarketero.com\/web\/wp-json\/wp\/v2\/pages\/533","targetHints":{"allow":["GET"]}}],"collection":[{"href":"https:\/\/soymarketero.com\/web\/wp-json\/wp\/v2\/pages"}],"about":[{"href":"https:\/\/soymarketero.com\/web\/wp-json\/wp\/v2\/types\/page"}],"author":[{"embeddable":true,"href":"https:\/\/soymarketero.com\/web\/wp-json\/wp\/v2\/users\/2"}],"replies":[{"embeddable":true,"href":"https:\/\/soymarketero.com\/web\/wp-json\/wp\/v2\/comments?post=533"}],"version-history":[{"count":33,"href":"https:\/\/soymarketero.com\/web\/wp-json\/wp\/v2\/pages\/533\/revisions"}],"predecessor-version":[{"id":736,"href":"https:\/\/soymarketero.com\/web\/wp-json\/wp\/v2\/pages\/533\/revisions\/736"}],"wp:attachment":[{"href":"https:\/\/soymarketero.com\/web\/wp-json\/wp\/v2\/media?parent=533"}],"curies":[{"name":"wp","href":"https:\/\/api.w.org\/{rel}","templated":true}]}}